{"id":268,"date":"2024-10-30T12:11:28","date_gmt":"2024-10-30T12:11:28","guid":{"rendered":"https:\/\/tonest.dev.modify.fi\/?page_id=268"},"modified":"2024-11-22T11:10:02","modified_gmt":"2024-11-22T11:10:02","slug":"268-2","status":"publish","type":"page","link":"https:\/\/tonest.net\/?page_id=268","title":{"rendered":"Vihlman-Lehtonen Oy"},"content":{"rendered":"<p>[et_pb_section fb_built=&#8221;1&#8243; _builder_version=&#8221;4.27.2&#8243; _module_preset=&#8221;default&#8221; custom_margin=&#8221;|20px||20px|false|false&#8221; global_colors_info=&#8221;{}&#8221;][et_pb_row column_structure=&#8221;1_2,1_2&#8243; _builder_version=&#8221;4.27.2&#8243; _module_preset=&#8221;default&#8221; width=&#8221;100%&#8221; max_width=&#8221;1350px&#8221; global_colors_info=&#8221;{}&#8221;][et_pb_column type=&#8221;1_2&#8243; _builder_version=&#8221;4.27.2&#8243; _module_preset=&#8221;default&#8221; global_colors_info=&#8221;{}&#8221;][et_pb_heading title=&#8221;Vihlman-Lehtonen Oy&#8221; _builder_version=&#8221;4.27.2&#8243; _module_preset=&#8221;default&#8221; custom_margin=&#8221;||14px|||&#8221; global_colors_info=&#8221;{}&#8221;][\/et_pb_heading][et_pb_text _builder_version=&#8221;4.27.2&#8243; _module_preset=&#8221;default&#8221; custom_margin=&#8221;||40px|||&#8221; global_colors_info=&#8221;{}&#8221;]<\/p>\n<p><strong>Eveliina Vihlman-Lehtonen ja Veli Lehtonen<\/strong><br \/><strong>Mets\u00e4joentie 117 B<\/strong><br \/><strong>32300 MELLIL\u00c4<\/strong><\/p>\n<p><strong>Puhelin: 050 511 6583<\/strong><br \/><strong>S\u00e4hk\u00f6posti: evi-veli@vihlman-lehtonen.fi<\/strong><br \/><strong><a href=\"https:\/\/www.vihlman-lehtonen.fi\/\" target=\"_blank\" rel=\"noopener\">www.vihlman-lehtonen.fi<\/a><\/strong><\/p>\n<p>[\/et_pb_text][et_pb_heading title=&#8221;Rouhialan tila&#8221; _builder_version=&#8221;4.27.2&#8243; _module_preset=&#8221;default&#8221; title_level=&#8221;h2&#8243; custom_margin=&#8221;||3px|||&#8221; custom_padding=&#8221;||10px|||&#8221; global_colors_info=&#8221;{}&#8221;][\/et_pb_heading][et_pb_text _builder_version=&#8221;4.27.2&#8243; _module_preset=&#8221;default&#8221; hover_enabled=&#8221;0&#8243; global_colors_info=&#8221;{}&#8221; sticky_enabled=&#8221;0&#8243;]<strong>Iida Vihlman-Sj\u00f6holm<\/strong><br \/>\n<strong>Puhelin: 040-4130525<\/strong><br \/>\n<strong>S\u00e4hk\u00f6posti: <a href=\"mailto:rouhialantila@hotmail.com\">rouhialantila@hotmail.com<\/a><\/strong>[\/et_pb_text][et_pb_text _builder_version=&#8221;4.27.2&#8243; _module_preset=&#8221;default&#8221; custom_margin=&#8221;-18px|||||&#8221; global_colors_info=&#8221;{}&#8221;]<\/p>\n<p>Rouhialan tilan suvussa on harjoitettu siipikarjan haudontaa ja kasvatusta liki 100 vuotta yhteen menoon.<span>\u00a0<\/span>Tuolloin ns. siitoskeskusverkoston<span>\u00a0<\/span>tilat\u00a0olivat<span>\u00a0<\/span>ne,<span>\u00a0<\/span>jotka omistivat siitosmateriaalin.<\/p>\n<p>Velin Frans-pappan toimi Eurajoella ja\u00a0Velin is\u00e4n avioiduttua Mellil\u00e4\u00e4n kananhoito siirtyi Satakunnasta Varsinais-Suomen puolelle.<span>\u00a0<\/span>1980-luvun lopulla Rouhialan siitoskanala siirtyi Velille ja nimeksi muuttui Hautomo- ja kasvatuskanala Lehtonen.<\/p>\n<p>1990-luvun alussa Velin ja Eveliina aviotuessa kaksi kanasukua yhdistyi ja 2000-luvun alussa Huittisten toimipaikka entinen Wihlman kanakasvattamo siirtyi Eveliinalle ja Velille jatkaen toimintaansa itsen\u00e4isen\u00e4 Vihlman-Lehtonen Oy:n\u00e4.<\/p>\n<p>2010-luvulla toiminta laajeni saaden uusia toimipisteit\u00e4<span>\u00a0<\/span>(mm.<span>\u00a0<\/span>Ulvilassa aviary -kasvattamot)<span>\u00a0<\/span>ja samalla investointiin t\u00e4ysin uuteen digiaikaiseen hautomoon Virttaalle.<\/p>\n<p>2020-luvun alussa Iida valmistui AMK Agrologiksi Mustialasta ja<span>\u00a0<\/span>vuoden<span>\u00a0<\/span>2024 alusta h\u00e4n otti omistukseensa Mellil\u00e4n maatilan, h\u00e4nen yrityksens\u00e4<span>\u00a0<\/span>on Rouhialan tila.<\/p>\n<p>Sek\u00e4 Rouhialan tila ett\u00e4 Vihlman -Lehtonen Oy toimivat rinta rinnan niin kana-aineksen maahantuonnissa, untuvikkojen haudonnassa kuin aviary-kasvatuksessakin.<\/p>\n<p>Dekalb-jalosteen kohdalla voimme vain yksinkertaisesti lainata historiallista lausahdusta: &#8220;VENI, VIDI, VICI&#8221; , tulokset puhuvat puolestaan.<\/p>\n<p>[\/et_pb_text][\/et_pb_column][et_pb_column type=&#8221;1_2&#8243; _builder_version=&#8221;4.27.2&#8243; _module_preset=&#8221;default&#8221; global_colors_info=&#8221;{}&#8221;][et_pb_image src=&#8221;https:\/\/tonest.net\/wp-content\/uploads\/2024\/11\/Rouhialan-tila_MV-iida-vihlman-sjoholm-kuva.jpg&#8221; title_text=&#8221;Rouhialan-tila_MV iida vihlman-sj\u00f6holm kuva&#8221; _builder_version=&#8221;4.27.2&#8243; _module_preset=&#8221;default&#8221; width_tablet=&#8221;&#8221; width_phone=&#8221;100%&#8221; width_last_edited=&#8221;on|phone&#8221; max_width=&#8221;400px&#8221; custom_margin=&#8221;8px|77px|||false|false&#8221; global_colors_info=&#8221;{}&#8221;][\/et_pb_image][et_pb_text _builder_version=&#8221;4.27.2&#8243; _module_preset=&#8221;default&#8221; global_colors_info=&#8221;{}&#8221;]<img decoding=\"async\" src=\"https:\/\/tonest.net\/wp-content\/uploads\/2024\/11\/Veli-Lehtonen-ja-Eveliina-Wihlman-Lehtonen_MV-eveliina-ja-veli-lehtonen.jpg\" width=\"400\" alt=\"\" class=\"wp-image-339 alignnone size-full\" srcset=\"https:\/\/tonest.net\/wp-content\/uploads\/2024\/11\/Veli-Lehtonen-ja-Eveliina-Wihlman-Lehtonen_MV-eveliina-ja-veli-lehtonen.jpg 768w, https:\/\/tonest.net\/wp-content\/uploads\/2024\/11\/Veli-Lehtonen-ja-Eveliina-Wihlman-Lehtonen_MV-eveliina-ja-veli-lehtonen-480x480.jpg 480w\" sizes=\"(min-width: 0px) and (max-width: 480px) 480px, (min-width: 481px) 768px, 100vw\" \/>[\/et_pb_text][\/et_pb_column][\/et_pb_row][\/et_pb_section]<\/p>\n","protected":false},"excerpt":{"rendered":"<p>Eveliina Vihlman-Lehtonen ja Veli LehtonenMets\u00e4joentie 117 B32300 MELLIL\u00c4 Puhelin: 050 511 6583S\u00e4hk\u00f6posti: evi-veli@vihlman-lehtonen.fiwww.vihlman-lehtonen.fiIida Vihlman-Sj\u00f6holm Puhelin: 040-4130525 S\u00e4hk\u00f6posti: rouhialantila@hotmail.comRouhialan tilan suvussa on harjoitettu siipikarjan haudontaa ja kasvatusta liki 100 vuotta yhteen menoon.\u00a0Tuolloin ns. siitoskeskusverkoston\u00a0tilat\u00a0olivat\u00a0ne,\u00a0jotka omistivat siitosmateriaalin. Velin Frans-pappan toimi Eurajoella ja\u00a0Velin is\u00e4n avioiduttua Mellil\u00e4\u00e4n kananhoito siirtyi Satakunnasta Varsinais-Suomen puolelle.\u00a01980-luvun lopulla Rouhialan siitoskanala siirtyi Velille ja nimeksi [&hellip;]<\/p>\n","protected":false},"author":1,"featured_media":0,"parent":155,"menu_order":0,"comment_status":"closed","ping_status":"closed","template":"","meta":{"_et_pb_use_builder":"on","_et_pb_old_content":"","_et_gb_content_width":"","footnotes":""},"class_list":["post-268","page","type-page","status-publish","hentry"],"_links":{"self":[{"href":"https:\/\/tonest.net\/index.php?rest_route=\/wp\/v2\/pages\/268","targetHints":{"allow":["GET"]}}],"collection":[{"href":"https:\/\/tonest.net\/index.php?rest_route=\/wp\/v2\/pages"}],"about":[{"href":"https:\/\/tonest.net\/index.php?rest_route=\/wp\/v2\/types\/page"}],"author":[{"embeddable":true,"href":"https:\/\/tonest.net\/index.php?rest_route=\/wp\/v2\/users\/1"}],"replies":[{"embeddable":true,"href":"https:\/\/tonest.net\/index.php?rest_route=%2Fwp%2Fv2%2Fcomments&post=268"}],"version-history":[{"count":36,"href":"https:\/\/tonest.net\/index.php?rest_route=\/wp\/v2\/pages\/268\/revisions"}],"predecessor-version":[{"id":410,"href":"https:\/\/tonest.net\/index.php?rest_route=\/wp\/v2\/pages\/268\/revisions\/410"}],"up":[{"embeddable":true,"href":"https:\/\/tonest.net\/index.php?rest_route=\/wp\/v2\/pages\/155"}],"wp:attachment":[{"href":"https:\/\/tonest.net\/index.php?rest_route=%2Fwp%2Fv2%2Fmedia&parent=268"}],"curies":[{"name":"wp","href":"https:\/\/api.w.org\/{rel}","templated":true}]}}