{"id":257,"date":"2024-10-30T11:54:06","date_gmt":"2024-10-30T11:54:06","guid":{"rendered":"https:\/\/tonest.dev.modify.fi\/?page_id=257"},"modified":"2024-11-18T12:38:54","modified_gmt":"2024-11-18T12:38:54","slug":"257-2","status":"publish","type":"page","link":"https:\/\/tonest.net\/?page_id=257","title":{"rendered":"Pavelan siitoskanala"},"content":{"rendered":"<p>[et_pb_section fb_built=&#8221;1&#8243; _builder_version=&#8221;4.27.2&#8243; _module_preset=&#8221;default&#8221; custom_margin=&#8221;|20px||20px|false|false&#8221; global_colors_info=&#8221;{}&#8221;][et_pb_row column_structure=&#8221;1_2,1_2&#8243; _builder_version=&#8221;4.27.2&#8243; _module_preset=&#8221;default&#8221; width=&#8221;100%&#8221; max_width=&#8221;1350px&#8221; global_colors_info=&#8221;{}&#8221;][et_pb_column type=&#8221;1_2&#8243; _builder_version=&#8221;4.27.2&#8243; _module_preset=&#8221;default&#8221; global_colors_info=&#8221;{}&#8221;][et_pb_heading title=&#8221;Lahja ja Ilpo Pavela -Niemel\u00e4n tila&#8221; _builder_version=&#8221;4.27.2&#8243; _module_preset=&#8221;default&#8221; custom_margin=&#8221;||16px|||&#8221; global_colors_info=&#8221;{}&#8221;][\/et_pb_heading][et_pb_text _builder_version=&#8221;4.27.2&#8243; _module_preset=&#8221;default&#8221; custom_margin=&#8221;||21px|||&#8221; hover_enabled=&#8221;0&#8243; global_colors_info=&#8221;{}&#8221; sticky_enabled=&#8221;0&#8243;]<\/p>\n<p><strong>Kaitontie 144<\/strong><br \/><strong>23800 LAITILA<\/strong><br \/><strong>Puhelin: 0500 924 374<\/strong><br \/><strong>S\u00e4hk\u00f6posti: pavelailpo@gmail.com<\/strong><\/p>\n<p style=\"font-weight: 400;\">Niemel\u00e4n tilalla kanalatoiminnan aloitti nykyisen is\u00e4nn\u00e4n, Ilpon isois\u00e4 1950-luvulla. Vuonna 1984 Ilpo ja h\u00e4nen vanhempansa muodostivat tilasta yhtym\u00e4n, joka toimi vuoden 2000 loppuun asti. Siit\u00e4 alkaen Ilpo ja Lahja ovat yhdess\u00e4 toimineet yritt\u00e4jin\u00e4.<\/p>\n<p style=\"font-weight: 400;\">Tilalla on hautomo sek\u00e4 useita yhteisty\u00f6kumppaneita, joille toimitetaan untuvikot rahtikasvatukseen\u00a0ja edelleen asiakkaille toimitettavaksi.\u00a0 Tilalla on my\u00f6s munantuotantoa kerroslattiakanalassa. Ilpon vastuulla on my\u00f6s Tonest Oy:lle vuokrattujen emokanaloiden toiminnan ohjaus.<\/p>\n<p>[\/et_pb_text][et_pb_heading title=&#8221;Perhe ja harrastukset&#8221; _builder_version=&#8221;4.27.2&#8243; _module_preset=&#8221;default&#8221; title_level=&#8221;h3&#8243; custom_margin=&#8221;||5px|||&#8221; global_colors_info=&#8221;{}&#8221;][\/et_pb_heading][et_pb_text _builder_version=&#8221;4.27.2&#8243; _module_preset=&#8221;default&#8221; hover_enabled=&#8221;0&#8243; global_colors_info=&#8221;{}&#8221; sticky_enabled=&#8221;0&#8243;]<\/p>\n<p><span>Lahja ja Ilpo harrastavat molemmat musiikkia. Lahjan intohimona on kuorolaulu. H\u00e4n laulaa Franciscus-kuorossa Raumalla ja vet\u00e4\u00e4 lasten muskariryhmi\u00e4 kansalaisopistossa. H\u00e4n on koulutukseltaan lastentarhanopettaja. Ilpo soittaa haitaria ja pianoa, mutta tunnusti h\u00e4n my\u00f6s ajelevansa m\u00f6nkij\u00e4n kanssa pitkin metsi\u00e4.<\/span><\/p>\n<p>[\/et_pb_text][\/et_pb_column][et_pb_column type=&#8221;1_2&#8243; _builder_version=&#8221;4.27.2&#8243; _module_preset=&#8221;default&#8221; global_colors_info=&#8221;{}&#8221;][et_pb_image src=&#8221;https:\/\/tonest.net\/wp-content\/uploads\/2024\/11\/Pavelat2.jpg&#8221; _builder_version=&#8221;4.27.2&#8243; _module_preset=&#8221;default&#8221; title_text=&#8221;Pavelat2&#8243; hover_enabled=&#8221;0&#8243; sticky_enabled=&#8221;0&#8243;][\/et_pb_image][\/et_pb_column][\/et_pb_row][\/et_pb_section]<\/p>\n","protected":false},"excerpt":{"rendered":"<p>Kaitontie 14423800 LAITILAPuhelin: 0500 924 374S\u00e4hk\u00f6posti: pavelailpo@gmail.com Niemel\u00e4n tilalla kanalatoiminnan aloitti nykyisen is\u00e4nn\u00e4n, Ilpon isois\u00e4 1950-luvulla. Vuonna 1984 Ilpo ja h\u00e4nen vanhempansa muodostivat tilasta yhtym\u00e4n, joka toimi vuoden 2000 loppuun asti. Siit\u00e4 alkaen Ilpo ja Lahja ovat yhdess\u00e4 toimineet yritt\u00e4jin\u00e4. Tilalla on hautomo sek\u00e4 useita yhteisty\u00f6kumppaneita, joille toimitetaan untuvikot rahtikasvatukseen\u00a0ja edelleen asiakkaille toimitettavaksi.\u00a0 Tilalla on [&hellip;]<\/p>\n","protected":false},"author":1,"featured_media":0,"parent":155,"menu_order":0,"comment_status":"closed","ping_status":"closed","template":"","meta":{"_et_pb_use_builder":"on","_et_pb_old_content":"","_et_gb_content_width":"","footnotes":""},"class_list":["post-257","page","type-page","status-publish","hentry"],"_links":{"self":[{"href":"https:\/\/tonest.net\/index.php?rest_route=\/wp\/v2\/pages\/257","targetHints":{"allow":["GET"]}}],"collection":[{"href":"https:\/\/tonest.net\/index.php?rest_route=\/wp\/v2\/pages"}],"about":[{"href":"https:\/\/tonest.net\/index.php?rest_route=\/wp\/v2\/types\/page"}],"author":[{"embeddable":true,"href":"https:\/\/tonest.net\/index.php?rest_route=\/wp\/v2\/users\/1"}],"replies":[{"embeddable":true,"href":"https:\/\/tonest.net\/index.php?rest_route=%2Fwp%2Fv2%2Fcomments&post=257"}],"version-history":[{"count":7,"href":"https:\/\/tonest.net\/index.php?rest_route=\/wp\/v2\/pages\/257\/revisions"}],"predecessor-version":[{"id":405,"href":"https:\/\/tonest.net\/index.php?rest_route=\/wp\/v2\/pages\/257\/revisions\/405"}],"up":[{"embeddable":true,"href":"https:\/\/tonest.net\/index.php?rest_route=\/wp\/v2\/pages\/155"}],"wp:attachment":[{"href":"https:\/\/tonest.net\/index.php?rest_route=%2Fwp%2Fv2%2Fmedia&parent=257"}],"curies":[{"name":"wp","href":"https:\/\/api.w.org\/{rel}","templated":true}]}}