{"id":234,"date":"2024-10-30T11:17:14","date_gmt":"2024-10-30T11:17:14","guid":{"rendered":"https:\/\/tonest.dev.modify.fi\/?page_id=234"},"modified":"2024-10-30T11:33:55","modified_gmt":"2024-10-30T11:33:55","slug":"234-2","status":"publish","type":"page","link":"https:\/\/tonest.net\/?page_id=234","title":{"rendered":"Aaltolan siitoskanala"},"content":{"rendered":"<p>[et_pb_section fb_built=&#8221;1&#8243; _builder_version=&#8221;4.27.2&#8243; _module_preset=&#8221;default&#8221; hover_enabled=&#8221;0&#8243; global_colors_info=&#8221;{}&#8221; custom_margin=&#8221;|20px||20px|false|false&#8221; sticky_enabled=&#8221;0&#8243;][et_pb_row column_structure=&#8221;1_2,1_2&#8243; _builder_version=&#8221;4.27.2&#8243; _module_preset=&#8221;default&#8221; width=&#8221;100%&#8221; max_width=&#8221;1350px&#8221; hover_enabled=&#8221;0&#8243; global_colors_info=&#8221;{}&#8221; sticky_enabled=&#8221;0&#8243;][et_pb_column type=&#8221;1_2&#8243; _builder_version=&#8221;4.27.2&#8243; _module_preset=&#8221;default&#8221; global_colors_info=&#8221;{}&#8221;][et_pb_heading title=&#8221;Pekka Aalto &#8211; Aaltolan tila&#8221; _builder_version=&#8221;4.27.2&#8243; _module_preset=&#8221;default&#8221; min_height=&#8221;34px&#8221; custom_margin=&#8221;||3px|||&#8221; custom_padding=&#8221;||0px|||&#8221; global_colors_info=&#8221;{}&#8221;][\/et_pb_heading][et_pb_text _builder_version=&#8221;4.27.2&#8243; _module_preset=&#8221;default&#8221; custom_margin=&#8221;||18px|||&#8221; global_colors_info=&#8221;{}&#8221;]<\/p>\n<p><strong>Meritie 804<\/strong><br \/><strong>23950 PYH\u00c4RANTA<\/strong><br \/><strong>puh. 040 531 9966<\/strong><\/p>\n<p>[\/et_pb_text][et_pb_text _builder_version=&#8221;4.27.2&#8243; _module_preset=&#8221;default&#8221; custom_margin=&#8221;||29px|||&#8221; global_colors_info=&#8221;{}&#8221;]<\/p>\n<p>Aaltolan siitoskanalan vahvuus on eritt\u00e4in pitk\u00e4t perinteet muna- ja siitoskanatuotannossa. Nykyisen is\u00e4nn\u00e4n is\u00e4 aloitti munantuotannon jo 1920-luvun puoliv\u00e4liss\u00e4 18 vuoden ik\u00e4isen\u00e4 ja jo parin vuoden kuluttua laajensi tuotannon kaksinkertaiseksi. Kananpoikasten hautominen aloitettiin 1930-luvulla.<\/p>\n<p>Pekka otti tilan ja siitoskanalatoiminnan omiin nimiins\u00e4 1970-luvun loppuvuosina. Tuolloin tilalla oli 11 000 munituskanaa, mutta kanalalupa jouduttiin sukupolvenvaihdoksen vuoksi uusimaan ja lupa tuli vain 8000 kanan munittamiseen. T\u00e4t\u00e4 isomman luvan saanti edellytti valtioneuvoston lupaa.<\/p>\n<p>Tilalla oli Suomen ensimm\u00e4inen Funki -hautomakone, jossa oli automaattinen munien k\u00e4\u00e4nt\u00f6 kerran tunnissa. Ensimm\u00e4inen putkiruokkijakin tuli kanalaan jo 1950- ja 1960-lukujen taitteessa.<\/p>\n<p>Nyt tilalla on haudonnan lis\u00e4ksi kasvatuskanatuotantoa ja munantuotantoa. Pekka Aalto kertoi, ett\u00e4 h\u00e4n n\u00e4kee eron kana-aineksessa ja h\u00e4iri\u00f6t rehussa. Kanat kertovat t\u00e4llaiset asiat heti, kun kanalaan menen, kertoi Pekka.<\/p>\n<p>[\/et_pb_text][et_pb_heading title=&#8221;Dekalb on rauhallinen rotu&#8221; _builder_version=&#8221;4.27.2&#8243; _module_preset=&#8221;default&#8221; title_level=&#8221;h3&#8243; custom_margin=&#8221;||5px|||&#8221; global_colors_info=&#8221;{}&#8221;][\/et_pb_heading][et_pb_text _builder_version=&#8221;4.27.2&#8243; _module_preset=&#8221;default&#8221; custom_margin=&#8221;||26px|||&#8221; global_colors_info=&#8221;{}&#8221;]<\/p>\n<p><span>Tilalla on ollut tuotannossa monia eri kanarotuja. 1950-luvulle saakka tuotettiin Kallelan kanoja, jotka sitten vaihtuivat M\u00e4kel\u00e4n -roduksi. LSK -rotu oli tuotannossa hetken aikaa ja vuodesta 1982 alkaen LSL. Nyt ollaan mukana Dekalb\u2019in valkoisen kanarodun tuotannossa ja markkinoinnissa. Aina kanarotua vaihdettaessa on vaihdettu parempaan, tuumasi Pekka Aalto, ja niin tehd\u00e4\u00e4n nytkin, h\u00e4n vakuutti.<\/span><\/p>\n<p>[\/et_pb_text][et_pb_heading title=&#8221;Amerikan raudat harrastuksena&#8221; _builder_version=&#8221;4.27.2&#8243; _module_preset=&#8221;default&#8221; title_level=&#8221;h3&#8243; custom_margin=&#8221;||5px|||&#8221; global_colors_info=&#8221;{}&#8221;][\/et_pb_heading][et_pb_text _builder_version=&#8221;4.27.2&#8243; _module_preset=&#8221;default&#8221; global_colors_info=&#8221;{}&#8221;]<\/p>\n<p><span>Pekka Aalto kertoi harrastavansa vanhoja amerikkalaisia autoja eli Amerikan rautoja, joita h\u00e4nell\u00e4 nyt on kaksi kappaletta. Toinen n\u00e4ist\u00e4 on oma, pitk\u00e4\u00e4n k\u00e4yt\u00f6ss\u00e4 ollut, ja toinen on vuoden 1973 mallinne, joka joitakin vuosia sitten tuotiin Amerikasta. Molemmat autot ovat museorekisteriss\u00e4.<\/span><\/p>\n<p>[\/et_pb_text][\/et_pb_column][et_pb_column type=&#8221;1_2&#8243; _builder_version=&#8221;4.27.2&#8243; _module_preset=&#8221;default&#8221; global_colors_info=&#8221;{}&#8221;][et_pb_image src=&#8221;https:\/\/tonest.net\/wp-content\/uploads\/2024\/10\/aaltolan_siitoskanala.jpg&#8221; title_text=&#8221;aaltolan_siitoskanala&#8221; _builder_version=&#8221;4.27.2&#8243; _module_preset=&#8221;default&#8221; custom_margin=&#8221;135px|||||&#8221; hover_enabled=&#8221;0&#8243; global_colors_info=&#8221;{}&#8221; custom_padding=&#8221;0px|||||&#8221; custom_margin_last_edited=&#8221;on|tablet&#8221; sticky_enabled=&#8221;0&#8243; custom_margin_phone=&#8221;10px||||false|false&#8221; custom_margin_tablet=&#8221;135px|||||&#8221;][\/et_pb_image][et_pb_image src=&#8221;https:\/\/tonest.net\/wp-content\/uploads\/2024\/10\/aaltolan_siitoskanala_2.jpg&#8221; title_text=&#8221;aaltolan_siitoskanala_2&#8243; _builder_version=&#8221;4.27.2&#8243; _module_preset=&#8221;default&#8221; global_colors_info=&#8221;{}&#8221;][\/et_pb_image][\/et_pb_column][\/et_pb_row][\/et_pb_section]<\/p>\n","protected":false},"excerpt":{"rendered":"<p>Meritie 80423950 PYH\u00c4RANTApuh. 040 531 9966Aaltolan siitoskanalan vahvuus on eritt\u00e4in pitk\u00e4t perinteet muna- ja siitoskanatuotannossa. Nykyisen is\u00e4nn\u00e4n is\u00e4 aloitti munantuotannon jo 1920-luvun puoliv\u00e4liss\u00e4 18 vuoden ik\u00e4isen\u00e4 ja jo parin vuoden kuluttua laajensi tuotannon kaksinkertaiseksi. Kananpoikasten hautominen aloitettiin 1930-luvulla. Pekka otti tilan ja siitoskanalatoiminnan omiin nimiins\u00e4 1970-luvun loppuvuosina. Tuolloin tilalla oli 11 000 munituskanaa, mutta kanalalupa [&hellip;]<\/p>\n","protected":false},"author":1,"featured_media":0,"parent":155,"menu_order":0,"comment_status":"closed","ping_status":"closed","template":"","meta":{"_et_pb_use_builder":"on","_et_pb_old_content":"","_et_gb_content_width":"","footnotes":""},"class_list":["post-234","page","type-page","status-publish","hentry"],"_links":{"self":[{"href":"https:\/\/tonest.net\/index.php?rest_route=\/wp\/v2\/pages\/234","targetHints":{"allow":["GET"]}}],"collection":[{"href":"https:\/\/tonest.net\/index.php?rest_route=\/wp\/v2\/pages"}],"about":[{"href":"https:\/\/tonest.net\/index.php?rest_route=\/wp\/v2\/types\/page"}],"author":[{"embeddable":true,"href":"https:\/\/tonest.net\/index.php?rest_route=\/wp\/v2\/users\/1"}],"replies":[{"embeddable":true,"href":"https:\/\/tonest.net\/index.php?rest_route=%2Fwp%2Fv2%2Fcomments&post=234"}],"version-history":[{"count":9,"href":"https:\/\/tonest.net\/index.php?rest_route=\/wp\/v2\/pages\/234\/revisions"}],"predecessor-version":[{"id":248,"href":"https:\/\/tonest.net\/index.php?rest_route=\/wp\/v2\/pages\/234\/revisions\/248"}],"up":[{"embeddable":true,"href":"https:\/\/tonest.net\/index.php?rest_route=\/wp\/v2\/pages\/155"}],"wp:attachment":[{"href":"https:\/\/tonest.net\/index.php?rest_route=%2Fwp%2Fv2%2Fmedia&parent=234"}],"curies":[{"name":"wp","href":"https:\/\/api.w.org\/{rel}","templated":true}]}}