{"id":151,"date":"2024-10-28T12:29:50","date_gmt":"2024-10-28T12:29:50","guid":{"rendered":"https:\/\/tonest.dev.modify.fi\/?page_id=151"},"modified":"2024-11-15T11:09:35","modified_gmt":"2024-11-15T11:09:35","slug":"151-2","status":"publish","type":"page","link":"https:\/\/tonest.net\/?page_id=151","title":{"rendered":"Myynti"},"content":{"rendered":"<p>[et_pb_section fb_built=&#8221;1&#8243; _builder_version=&#8221;4.27.2&#8243; _module_preset=&#8221;default&#8221; custom_margin=&#8221;|20px||20px|false|false&#8221; global_colors_info=&#8221;{}&#8221;][et_pb_row column_structure=&#8221;2_3,1_3&#8243; _builder_version=&#8221;4.27.2&#8243; _module_preset=&#8221;default&#8221; width=&#8221;100%&#8221; max_width=&#8221;1350px&#8221; global_colors_info=&#8221;{}&#8221;][et_pb_column type=&#8221;2_3&#8243; _builder_version=&#8221;4.27.2&#8243; _module_preset=&#8221;default&#8221; global_colors_info=&#8221;{}&#8221;][et_pb_heading title=&#8221;Myynti&#8221; _builder_version=&#8221;4.27.2&#8243; _module_preset=&#8221;default&#8221; custom_margin=&#8221;||16px|||&#8221; global_colors_info=&#8221;{}&#8221;][\/et_pb_heading][et_pb_text _builder_version=&#8221;4.27.2&#8243; _module_preset=&#8221;default&#8221; global_colors_info=&#8221;{}&#8221;]<\/p>\n<p>Poikashankinnoissa ota yhteytt\u00e4 suoraan kanankasvattajaan tai Anna Set\u00e4l\u00e4\u00e4n, alta l\u00f6ytyv\u00e4t yhteystiedot ja tuotettavat kanajalosteet!<\/p>\n<p>Dekalb -kanaa on saatavilla my\u00f6s muilta kavattajilta, ota yhteytt\u00e4 omaan kasvattajaasi.<\/p>\n<p>[\/et_pb_text][et_pb_heading title=&#8221;Tonest Oy:n osakkaiden kananpoikastuotanto&#8221; _builder_version=&#8221;4.27.2&#8243; _module_preset=&#8221;default&#8221; title_level=&#8221;h3&#8243; custom_margin=&#8221;||1px|||&#8221; global_colors_info=&#8221;{}&#8221;][\/et_pb_heading][et_pb_text _builder_version=&#8221;4.27.2&#8243; _module_preset=&#8221;default&#8221; custom_margin=&#8221;||41px|||&#8221; global_colors_info=&#8221;{}&#8221;]<\/p>\n<p><span>Lyhenteet jalosteen j\u00e4lkeen: H = h\u00e4kkikasvattamo, La = lattiakasvattamo, Lu = luomutuotanto, LaM = lattiakasvattamo, monikerrosratkaisu<\/span><\/p>\n<p>[\/et_pb_text][et_pb_heading title=&#8221;Kasvatuskanalat&#8221; _builder_version=&#8221;4.27.2&#8243; _module_preset=&#8221;default&#8221; title_level=&#8221;h3&#8243; custom_margin=&#8221;||6px|||&#8221; global_colors_info=&#8221;{}&#8221;][\/et_pb_heading][et_pb_text _builder_version=&#8221;4.27.2&#8243; _module_preset=&#8221;default&#8221; text_font_last_edited=&#8221;off|phone&#8221; text_font_size_tablet=&#8221;&#8221; text_font_size_phone=&#8221;10px&#8221; text_font_size_last_edited=&#8221;on|phone&#8221; global_colors_info=&#8221;{}&#8221;]<\/p>\n<table id=\"tablepress-2\" class=\"tablepress tablepress-id-2\">\n<tbody class=\"row-hover\">\n<tr class=\"row-1\">\n<th class=\"column-1\" style=\"width: 128.375px;\">Tuottajan nimi ja osoite<\/th>\n<th class=\"column-2\" style=\"width: 228.859px;\">S\u00e4hk\u00f6posti, puhelin ja fax<\/th>\n<th class=\"column-3\" style=\"width: 118.766px;\">Tuotannossa jalosteet<\/th>\n<\/tr>\n<tr class=\"row-2\">\n<td class=\"column-1\" style=\"width: 128.375px;\">Aaltola<br \/>\nMeritie 804<br \/>\n23950 PYH\u00c4RANTA<\/td>\n<td class=\"column-2\" style=\"width: 228.859px;\">040 531 9966<\/td>\n<td class=\"column-3\" style=\"width: 118.766px;\">Dekalb (H, La)<\/td>\n<\/tr>\n<tr class=\"row-3\">\n<td class=\"column-1\" style=\"width: 128.375px;\">Oja-Nisula<br \/>\nNisulantie 20<br \/>\n61300 KURIKKA<\/td>\n<td class=\"column-2\" style=\"width: 228.859px;\">oja-nisulan.siitoskanala@netikka.fi<br \/>\n<span>050 590 5559<\/span><\/td>\n<td class=\"column-3\" style=\"width: 118.766px;\">Dekalb (H, La, Lu, LaM)<\/td>\n<\/tr>\n<tr class=\"row-4\">\n<td class=\"column-1\" style=\"width: 128.375px;\">Pavela<br \/>\nKaitontie 144<br \/>\n23800 LAITILA<\/td>\n<td class=\"column-2\" style=\"width: 228.859px;\">pavelailpo@gmail.com<br \/>\n0500 924 374<\/td>\n<td class=\"column-3\" style=\"width: 118.766px;\">Dekalb (H, La, LaM)<\/td>\n<\/tr>\n<tr class=\"row-5\">\n<td class=\"column-1\" style=\"width: 128.375px;\">Kanakumppanit Oy<br \/>\nKoskentie 200<br \/>\n32440 ALASTARO<\/td>\n<td class=\"column-2\" style=\"width: 228.859px;\">juusohulmi@hotmail.com<br \/>\n040 838 2046<\/td>\n<td class=\"column-3\" style=\"width: 118.766px;\">Dekalb (LaM, Lu)<\/td>\n<\/tr>\n<tr class=\"row-6\">\n<td class=\"column-1\" style=\"width: 128.375px;\">Vihlman-Lehtonen Oy<br \/>\n<span>Mets\u00e4joentie 117B<br \/>\n<\/span><span>32300 MELLIL\u00c4<\/span><\/td>\n<td class=\"column-2\" style=\"width: 228.859px;\">evi-veli@vihlman-lehtonen.fi<br \/>\n050 511 6583<br \/>\n0500 228 142<\/td>\n<td class=\"column-3\" style=\"width: 118.766px;\">Dekalb (H, LaM, LA, Lu)<\/td>\n<\/tr>\n<\/tbody>\n<\/table>\n<p>[\/et_pb_text][\/et_pb_column][et_pb_column type=&#8221;1_3&#8243; _builder_version=&#8221;4.27.2&#8243; _module_preset=&#8221;default&#8221; global_colors_info=&#8221;{}&#8221;][et_pb_image src=&#8221;https:\/\/tonest.net\/wp-content\/uploads\/2024\/10\/tiput.jpg&#8221; title_text=&#8221;tiput&#8221; _builder_version=&#8221;4.27.2&#8243; _module_preset=&#8221;default&#8221; global_colors_info=&#8221;{}&#8221;][\/et_pb_image][et_pb_image src=&#8221;https:\/\/tonest.net\/wp-content\/uploads\/2024\/10\/dekalb_levinneisyys.jpg&#8221; title_text=&#8221;dekalb_levinneisyys&#8221; _builder_version=&#8221;4.27.2&#8243; _module_preset=&#8221;default&#8221; global_colors_info=&#8221;{}&#8221;][\/et_pb_image][et_pb_image src=&#8221;https:\/\/tonest.net\/wp-content\/uploads\/2024\/10\/kanakuvaDSC_9592.jpg&#8221; title_text=&#8221;kanakuvaDSC_9592&#8243; _builder_version=&#8221;4.27.2&#8243; _module_preset=&#8221;default&#8221; global_colors_info=&#8221;{}&#8221;][\/et_pb_image][\/et_pb_column][\/et_pb_row][et_pb_row _builder_version=&#8221;4.27.2&#8243; _module_preset=&#8221;default&#8221; width=&#8221;100%&#8221; max_width=&#8221;1350px&#8221; global_colors_info=&#8221;{}&#8221;][et_pb_column type=&#8221;4_4&#8243; _builder_version=&#8221;4.27.2&#8243; _module_preset=&#8221;default&#8221; global_colors_info=&#8221;{}&#8221;][et_pb_heading title=&#8221;Osakkaat&#8221; _builder_version=&#8221;4.27.2&#8243; _module_preset=&#8221;default&#8221; custom_margin=&#8221;||-15px|||&#8221; global_colors_info=&#8221;{}&#8221;][\/et_pb_heading][\/et_pb_column][\/et_pb_row][et_pb_row column_structure=&#8221;1_5,1_5,1_5,1_5,1_5&#8243; _builder_version=&#8221;4.27.2&#8243; _module_preset=&#8221;default&#8221; width=&#8221;100%&#8221; max_width=&#8221;1350px&#8221; custom_margin=&#8221;-1px|auto||auto||&#8221; global_colors_info=&#8221;{}&#8221;][et_pb_column type=&#8221;1_5&#8243; _builder_version=&#8221;4.27.2&#8243; _module_preset=&#8221;default&#8221; global_colors_info=&#8221;{}&#8221;][et_pb_image src=&#8221;https:\/\/tonest.net\/wp-content\/uploads\/2024\/10\/aaltolan_siitoskanala_pikkukuva.jpg&#8221; title_text=&#8221;aaltolan_siitoskanala_pikkukuva&#8221; url=&#8221;https:\/\/tonest.net\/?page_id=234&#8243; _builder_version=&#8221;4.27.2&#8243; _module_preset=&#8221;default&#8221; custom_margin=&#8221;||3px|||&#8221; global_colors_info=&#8221;{}&#8221;][\/et_pb_image][et_pb_text _builder_version=&#8221;4.27.2&#8243; _module_preset=&#8221;default&#8221; custom_margin=&#8221;8px|||||&#8221; global_colors_info=&#8221;{}&#8221;]<strong><a href=\"https:\/\/tonest.net\/?page_id=234\">Aaltolan siitoskanala<\/a><\/strong><br \/>\n<span>Pekka Aalto<\/span><br \/>\n<span>Pyh\u00e4ranta<\/span>[\/et_pb_text][\/et_pb_column][et_pb_column type=&#8221;1_5&#8243; _builder_version=&#8221;4.27.2&#8243; _module_preset=&#8221;default&#8221; global_colors_info=&#8221;{}&#8221;][et_pb_image src=&#8221;https:\/\/tonest.net\/wp-content\/uploads\/2024\/10\/pavelan_siitoskanala_pikkukuva.jpg&#8221; title_text=&#8221;pavelan_siitoskanala_pikkukuva&#8221; url=&#8221;https:\/\/tonest.net\/?page_id=257&#8243; _builder_version=&#8221;4.27.2&#8243; _module_preset=&#8221;default&#8221; custom_margin=&#8221;||5px|||&#8221; global_colors_info=&#8221;{}&#8221;][\/et_pb_image][et_pb_text _builder_version=&#8221;4.27.2&#8243; _module_preset=&#8221;default&#8221; global_colors_info=&#8221;{}&#8221;]<strong><a href=\"https:\/\/tonest.net\/?page_id=257\">Pavelan siitoskanala<\/a><\/strong><br \/>\n<span>Lahja ja Ilpo Pavela<\/span><br \/>\n<span>Laitila<\/span>[\/et_pb_text][\/et_pb_column][et_pb_column type=&#8221;1_5&#8243; _builder_version=&#8221;4.27.2&#8243; _module_preset=&#8221;default&#8221; global_colors_info=&#8221;{}&#8221;][et_pb_image src=&#8221;https:\/\/tonest.net\/wp-content\/uploads\/2024\/10\/hautomo_kasvatuskanala_pikkukuva.jpg&#8221; title_text=&#8221;hautomo_kasvatuskanala_pikkukuva&#8221; url=&#8221;https:\/\/tonest.net\/?page_id=268&#8243; _builder_version=&#8221;4.27.2&#8243; _module_preset=&#8221;default&#8221; custom_margin=&#8221;||5px|||&#8221; global_colors_info=&#8221;{}&#8221;][\/et_pb_image][et_pb_text _builder_version=&#8221;4.27.2&#8243; _module_preset=&#8221;default&#8221; global_colors_info=&#8221;{}&#8221;]<strong><a href=\"https:\/\/tonest.net\/?page_id=268\">Vihlman-Lehtonen Oy<\/a><\/strong><br \/>\n<span>Eveliina Vihlman-Lehtonen ja Veli Lehtonen<\/span><br \/>\n<span>Mellil\u00e4<\/span>[\/et_pb_text][\/et_pb_column][et_pb_column type=&#8221;1_5&#8243; _builder_version=&#8221;4.27.2&#8243; _module_preset=&#8221;default&#8221; global_colors_info=&#8221;{}&#8221;][et_pb_image src=&#8221;https:\/\/tonest.net\/wp-content\/uploads\/2024\/11\/DJI_0338.jpg-300&#215;169.jpg&#8221; _builder_version=&#8221;4.27.2&#8243; _module_preset=&#8221;default&#8221; title_text=&#8221;DCIM100MEDIADJI_0178.JPG&#8221; hover_enabled=&#8221;0&#8243; sticky_enabled=&#8221;0&#8243; custom_margin=&#8221;||5px|||&#8221;][\/et_pb_image][et_pb_text _builder_version=&#8221;4.27.2&#8243; _module_preset=&#8221;default&#8221; global_colors_info=&#8221;{}&#8221;]<strong><a href=\"https:\/\/kanakumppanit.fi\/\" target=\"_blank\">Kanakumppanit Oy<\/a><\/strong>[\/et_pb_text][\/et_pb_column][et_pb_column type=&#8221;1_5&#8243; _builder_version=&#8221;4.27.2&#8243; _module_preset=&#8221;default&#8221; global_colors_info=&#8221;{}&#8221;][et_pb_image src=&#8221;https:\/\/tonest.net\/wp-content\/uploads\/2024\/10\/ojala_pikkukuva.jpg&#8221; title_text=&#8221;ojala_pikkukuva&#8221; _builder_version=&#8221;4.27.2&#8243; _module_preset=&#8221;default&#8221; custom_margin=&#8221;||6px|||&#8221; global_colors_info=&#8221;{}&#8221;][\/et_pb_image][et_pb_text _builder_version=&#8221;4.27.2&#8243; _module_preset=&#8221;default&#8221; global_colors_info=&#8221;{}&#8221;]<\/p>\n<p><strong><a href=\"#\">Oja-Nisulan siitoskanala<\/a><\/strong><br \/><span>Tomi Oja-Nisula<\/span><br \/><span>Kurikka<\/span><\/p>\n<p>[\/et_pb_text][\/et_pb_column][\/et_pb_row][\/et_pb_section]<\/p>\n","protected":false},"excerpt":{"rendered":"<p>Poikashankinnoissa ota yhteytt\u00e4 suoraan kanankasvattajaan tai Anna Set\u00e4l\u00e4\u00e4n, alta l\u00f6ytyv\u00e4t yhteystiedot ja tuotettavat kanajalosteet! Dekalb -kanaa on saatavilla my\u00f6s muilta kavattajilta, ota yhteytt\u00e4 omaan kasvattajaasi.Lyhenteet jalosteen j\u00e4lkeen: H = h\u00e4kkikasvattamo, La = lattiakasvattamo, Lu = luomutuotanto, LaM = lattiakasvattamo, monikerrosratkaisu Tuottajan nimi ja osoite S\u00e4hk\u00f6posti, puhelin ja fax Tuotannossa jalosteet Aaltola Meritie 804 23950 PYH\u00c4RANTA [&hellip;]<\/p>\n","protected":false},"author":1,"featured_media":0,"parent":0,"menu_order":0,"comment_status":"closed","ping_status":"closed","template":"","meta":{"_et_pb_use_builder":"on","_et_pb_old_content":"","_et_gb_content_width":"","footnotes":""},"class_list":["post-151","page","type-page","status-publish","hentry"],"_links":{"self":[{"href":"https:\/\/tonest.net\/index.php?rest_route=\/wp\/v2\/pages\/151","targetHints":{"allow":["GET"]}}],"collection":[{"href":"https:\/\/tonest.net\/index.php?rest_route=\/wp\/v2\/pages"}],"about":[{"href":"https:\/\/tonest.net\/index.php?rest_route=\/wp\/v2\/types\/page"}],"author":[{"embeddable":true,"href":"https:\/\/tonest.net\/index.php?rest_route=\/wp\/v2\/users\/1"}],"replies":[{"embeddable":true,"href":"https:\/\/tonest.net\/index.php?rest_route=%2Fwp%2Fv2%2Fcomments&post=151"}],"version-history":[{"count":22,"href":"https:\/\/tonest.net\/index.php?rest_route=\/wp\/v2\/pages\/151\/revisions"}],"predecessor-version":[{"id":400,"href":"https:\/\/tonest.net\/index.php?rest_route=\/wp\/v2\/pages\/151\/revisions\/400"}],"wp:attachment":[{"href":"https:\/\/tonest.net\/index.php?rest_route=%2Fwp%2Fv2%2Fmedia&parent=151"}],"curies":[{"name":"wp","href":"https:\/\/api.w.org\/{rel}","templated":true}]}}