{"id":144,"date":"2024-10-28T11:21:21","date_gmt":"2024-10-28T11:21:21","guid":{"rendered":"https:\/\/tonest.dev.modify.fi\/?page_id=144"},"modified":"2024-11-22T11:27:09","modified_gmt":"2024-11-22T11:27:09","slug":"dekalb-white","status":"publish","type":"page","link":"https:\/\/tonest.net\/?page_id=144","title":{"rendered":"Dekalb White"},"content":{"rendered":"<p>[et_pb_section fb_built=&#8221;1&#8243; _builder_version=&#8221;4.27.2&#8243; _module_preset=&#8221;default&#8221; global_colors_info=&#8221;{}&#8221;][et_pb_row column_structure=&#8221;1_2,1_2&#8243; _builder_version=&#8221;4.27.2&#8243; _module_preset=&#8221;default&#8221; width=&#8221;100%&#8221; max_width=&#8221;1350px&#8221; custom_padding=&#8221;|20px||20px|false|false&#8221; global_colors_info=&#8221;{}&#8221;][et_pb_column type=&#8221;1_2&#8243; _builder_version=&#8221;4.27.2&#8243; _module_preset=&#8221;default&#8221; global_colors_info=&#8221;{}&#8221;][et_pb_heading title=&#8221;Dekalb white&#8221; _builder_version=&#8221;4.27.2&#8243; _module_preset=&#8221;default&#8221; custom_margin=&#8221;||27px|||&#8221; global_colors_info=&#8221;{}&#8221;][\/et_pb_heading][et_pb_heading title=&#8221;Dekalb valkoinen MUNIVA KANA&#8221; _builder_version=&#8221;4.27.2&#8243; _module_preset=&#8221;default&#8221; title_level=&#8221;h3&#8243; custom_margin=&#8221;||0px||false|false&#8221; global_colors_info=&#8221;{}&#8221;][\/et_pb_heading][et_pb_text _builder_version=&#8221;4.27.2&#8243; _module_preset=&#8221;default&#8221; custom_margin=&#8221;0px||23px||false|false&#8221; global_colors_info=&#8221;{}&#8221;]<\/p>\n<ul class=\"dotted\">\n<li>Euroopan valloittaja<\/li>\n<li>Enemm\u00e4n munia<\/li>\n<li>Rauhallinen kana<\/li>\n<li>Parempi rehunhy\u00f6tysuhde<\/li>\n<li>Todella vahva munankuori<\/li>\n<li>Soveltuva h\u00e4kkiin ja lattialle<\/li>\n<\/ul>\n<p>[\/et_pb_text][et_pb_heading title=&#8221;Dekalb -kanan tuloksia&#8221; _builder_version=&#8221;4.27.2&#8243; _module_preset=&#8221;default&#8221; title_level=&#8221;h3&#8243; custom_margin=&#8221;||3px|||&#8221; global_colors_info=&#8221;{}&#8221;][\/et_pb_heading][et_pb_text _builder_version=&#8221;4.27.2&#8243; _module_preset=&#8221;default&#8221; custom_padding=&#8221;9px|||||&#8221; global_colors_info=&#8221;{}&#8221;]<\/p>\n<table id=\"tablepress-1\" class=\"tablepress tablepress-id-1\" style=\"height: 264px;\">\n<tbody class=\"row-hover\">\n<tr class=\"row-1\" style=\"height: 24px;\">\n<td class=\"column-1\" style=\"height: 24px; width: 238.547px;\">Muninta aika<\/td>\n<td class=\"column-2\" style=\"height: 24px; width: 115.922px;\">(18-100 viikkoa)<\/td>\n<\/tr>\n<tr class=\"row-2\" style=\"height: 24px;\">\n<td class=\"column-1\" style=\"height: 24px; width: 238.547px;\">El\u00e4vyys (%)<\/td>\n<td class=\"column-2\" style=\"height: 24px; width: 115.922px;\">93<\/td>\n<\/tr>\n<tr class=\"row-3\" style=\"height: 24px;\">\n<td class=\"column-1\" style=\"height: 24px; width: 238.547px;\">Ik\u00e4 50 % tuotannossa (pv)<\/td>\n<td class=\"column-2\" style=\"height: 24px; width: 115.922px;\">145<\/td>\n<\/tr>\n<tr class=\"row-4\" style=\"height: 24px;\">\n<td class=\"column-1\" style=\"height: 24px; width: 238.547px;\">Huippu muninta (%)<\/td>\n<td class=\"column-2\" style=\"height: 24px; width: 115.922px;\">96,5<\/td>\n<\/tr>\n<tr class=\"row-5\" style=\"height: 24px;\">\n<td class=\"column-1\" style=\"height: 24px; width: 238.547px;\">Munan keskipaino (g)<\/td>\n<td class=\"column-2\" style=\"height: 24px; width: 115.922px;\">62,1<\/td>\n<\/tr>\n<tr class=\"row-6\" style=\"height: 24px;\">\n<td class=\"column-1\" style=\"height: 24px; width: 238.547px;\">Munam\u00e4\u00e4r\u00e4 kanaer\u00e4ss\u00e4 (kpl)<\/td>\n<td class=\"column-2\" style=\"height: 24px; width: 115.922px;\">481<\/td>\n<\/tr>\n<tr class=\"row-7\" style=\"height: 24px;\">\n<td class=\"column-1\" style=\"height: 24px; width: 238.547px;\">Munam\u00e4\u00e4r\u00e4 kanaer\u00e4ss\u00e4 (kg)<\/td>\n<td class=\"column-2\" style=\"height: 24px; width: 115.922px;\">29,9<\/td>\n<\/tr>\n<tr class=\"row-8\" style=\"height: 24px;\">\n<td class=\"column-1\" style=\"height: 24px; width: 238.547px;\">Rehunkulutus <span>(g\/pv)<\/span><\/td>\n<td class=\"column-2\" style=\"height: 24px; width: 115.922px;\">116<\/td>\n<\/tr>\n<tr class=\"row-9\" style=\"height: 24px;\">\n<td class=\"column-1\" style=\"height: 24px; width: 238.547px;\">Rehunhy\u00f6tysuhde (<span>kg\/kg)<\/span><\/td>\n<td class=\"column-2\" style=\"height: 24px; width: 115.922px;\">2,21<\/td>\n<\/tr>\n<tr class=\"row-10\" style=\"height: 24px;\">\n<td class=\"column-1\" style=\"height: 24px; width: 238.547px;\">Kanan paino (g)<\/td>\n<td class=\"column-2\" style=\"height: 24px; width: 115.922px;\">1725<\/td>\n<\/tr>\n<tr class=\"row-11\" style=\"height: 24px;\">\n<td class=\"column-1\" style=\"height: 24px; width: 238.547px;\">Kuoren lujuus (g\/cm<sup>2<\/sup>)<\/td>\n<td class=\"column-2\" style=\"height: 24px; width: 115.922px;\">4100<\/td>\n<\/tr>\n<\/tbody>\n<\/table>\n<p>[\/et_pb_text][et_pb_text _builder_version=&#8221;4.27.2&#8243; _module_preset=&#8221;default&#8221; hover_enabled=&#8221;0&#8243; global_colors_info=&#8221;{}&#8221; sticky_enabled=&#8221;0&#8243;]<\/p>\n<p><strong><a href=\"https:\/\/tonest.net\/wp-content\/uploads\/2024\/11\/Tuotantoseurantavihko-2024.pdf\" rel=\"attachment wp-att-411\">Tuotantoseurantavihko 2024<\/a><\/strong><\/p>\n<p>[\/et_pb_text][\/et_pb_column][et_pb_column type=&#8221;1_2&#8243; _builder_version=&#8221;4.27.2&#8243; _module_preset=&#8221;default&#8221; global_colors_info=&#8221;{}&#8221;][et_pb_image src=&#8221;https:\/\/tonest.net\/wp-content\/uploads\/2024\/10\/tavoitteena500munaa.jpg&#8221; title_text=&#8221;tavoitteena500munaa&#8221; _builder_version=&#8221;4.27.2&#8243; _module_preset=&#8221;default&#8221; global_colors_info=&#8221;{}&#8221;][\/et_pb_image][\/et_pb_column][\/et_pb_row][et_pb_row _builder_version=&#8221;4.27.2&#8243; _module_preset=&#8221;default&#8221; custom_margin=&#8221;16px|auto||auto||&#8221; global_colors_info=&#8221;{}&#8221;][et_pb_column type=&#8221;4_4&#8243; _builder_version=&#8221;4.27.2&#8243; _module_preset=&#8221;default&#8221; global_colors_info=&#8221;{}&#8221;][et_pb_image src=&#8221;https:\/\/tonest.net\/wp-content\/uploads\/2024\/10\/BNR_dekalb_mainoskuva2.jpg&#8221; title_text=&#8221;BNR_dekalb_mainoskuva2&#8243; align=&#8221;center&#8221; _builder_version=&#8221;4.27.2&#8243; _module_preset=&#8221;default&#8221; global_colors_info=&#8221;{}&#8221;][\/et_pb_image][\/et_pb_column][\/et_pb_row][\/et_pb_section]<\/p>\n","protected":false},"excerpt":{"rendered":"<p>Euroopan valloittaja Enemm\u00e4n munia Rauhallinen kana Parempi rehunhy\u00f6tysuhde Todella vahva munankuori Soveltuva h\u00e4kkiin ja lattialle Muninta aika (18-100 viikkoa) El\u00e4vyys (%) 93 Ik\u00e4 50 % tuotannossa (pv) 145 Huippu muninta (%) 96,5 Munan keskipaino (g) 62,1 Munam\u00e4\u00e4r\u00e4 kanaer\u00e4ss\u00e4 (kpl) 481 Munam\u00e4\u00e4r\u00e4 kanaer\u00e4ss\u00e4 (kg) 29,9 Rehunkulutus (g\/pv) 116 Rehunhy\u00f6tysuhde (kg\/kg) 2,21 Kanan paino (g) 1725 Kuoren [&hellip;]<\/p>\n","protected":false},"author":1,"featured_media":0,"parent":0,"menu_order":0,"comment_status":"closed","ping_status":"closed","template":"","meta":{"_et_pb_use_builder":"on","_et_pb_old_content":"","_et_gb_content_width":"","footnotes":""},"class_list":["post-144","page","type-page","status-publish","hentry"],"_links":{"self":[{"href":"https:\/\/tonest.net\/index.php?rest_route=\/wp\/v2\/pages\/144","targetHints":{"allow":["GET"]}}],"collection":[{"href":"https:\/\/tonest.net\/index.php?rest_route=\/wp\/v2\/pages"}],"about":[{"href":"https:\/\/tonest.net\/index.php?rest_route=\/wp\/v2\/types\/page"}],"author":[{"embeddable":true,"href":"https:\/\/tonest.net\/index.php?rest_route=\/wp\/v2\/users\/1"}],"replies":[{"embeddable":true,"href":"https:\/\/tonest.net\/index.php?rest_route=%2Fwp%2Fv2%2Fcomments&post=144"}],"version-history":[{"count":26,"href":"https:\/\/tonest.net\/index.php?rest_route=\/wp\/v2\/pages\/144\/revisions"}],"predecessor-version":[{"id":412,"href":"https:\/\/tonest.net\/index.php?rest_route=\/wp\/v2\/pages\/144\/revisions\/412"}],"wp:attachment":[{"href":"https:\/\/tonest.net\/index.php?rest_route=%2Fwp%2Fv2%2Fmedia&parent=144"}],"curies":[{"name":"wp","href":"https:\/\/api.w.org\/{rel}","templated":true}]}}